{"id":2871,"date":"2025-10-23T19:14:35","date_gmt":"2025-10-23T19:14:35","guid":{"rendered":"https:\/\/papelfofos.com\/?page_id=2871"},"modified":"2025-10-23T19:16:58","modified_gmt":"2025-10-23T19:16:58","slug":"termos-de-uso","status":"publish","type":"page","link":"https:\/\/papelfofos.com\/en\/termos-de-uso\/","title":{"rendered":"Termos de Uso \u2013 Papel Fofos"},"content":{"rendered":"<h1 class=\"wp-block-heading\">Nossos termos<\/h1>\n\n\n\n<ol class=\"wp-block-list\">\n<li><strong>Termos<\/strong><br>Ao acessar o site \/ loja <strong>Papel Fofos<\/strong>, voc\u00ea concorda em cumprir estes termos de servi\u00e7o, todas as leis e regulamentos aplic\u00e1veis, e declara ser respons\u00e1vel pelo cumprimento das leis locais aplic\u00e1veis. Caso n\u00e3o concorde com algum desses termos, est\u00e1 proibido de usar ou acessar este site. Os materiais contidos neste site s\u00e3o protegidos pelas leis de direitos autorais e marcas comerciais vigentes.<\/li>\n\n\n\n<li><strong>Uso de Licen\u00e7a<\/strong><br>\u00c9 concedida permiss\u00e3o para baixar temporariamente uma c\u00f3pia dos materiais (informa\u00e7\u00f5es ou software) no site <strong>Papel Fofos<\/strong>, apenas para visualiza\u00e7\u00e3o transit\u00f3ria, pessoal e n\u00e3o comercial. Trata-se de uma licen\u00e7a, n\u00e3o de uma transfer\u00eancia de t\u00edtulo, e sob esta licen\u00e7a voc\u00ea n\u00e3o pode:<\/li>\n<\/ol>\n\n\n\n<ul class=\"wp-block-list\">\n<li>Modificar ou copiar os materiais;<\/li>\n\n\n\n<li>Usar os materiais para qualquer finalidade comercial ou para exibi\u00e7\u00e3o p\u00fablica (comercial ou n\u00e3o comercial);<\/li>\n\n\n\n<li>Tentar descompilar ou realizar engenharia reversa de qualquer software contido no site <strong>Papel Fofos<\/strong>;<\/li>\n\n\n\n<li>Remover quaisquer direitos autorais ou outras nota\u00e7\u00f5es de propriedade dos materiais;<\/li>\n\n\n\n<li>Transferir os materiais para outra pessoa ou \u201cespelhar\u201d os materiais em qualquer outro servidor.<\/li>\n<\/ul>\n\n\n\n<p>Esta licen\u00e7a ser\u00e1 automaticamente rescindida caso voc\u00ea viole alguma dessas restri\u00e7\u00f5es e poder\u00e1 ser encerrada pela <strong>Papel Fofos<\/strong> a qualquer momento. Ao encerrar a visualiza\u00e7\u00e3o destes materiais ou ap\u00f3s o t\u00e9rmino desta licen\u00e7a, voc\u00ea deve apagar todos os materiais baixados em sua posse, seja em formato eletr\u00f4nico ou impresso.<\/p>\n\n\n\n<ol start=\"3\" class=\"wp-block-list\">\n<li><strong>Isen\u00e7\u00e3o de Responsabilidade<\/strong><\/li>\n\n\n\n<li>Os materiais no site da <strong>Papel Fofos<\/strong> s\u00e3o fornecidos \u201ccomo est\u00e3o\u201d. A <strong>Papel Fofos<\/strong> n\u00e3o oferece garantias, expressas ou impl\u00edcitas, e, por este meio, isenta e nega todas as demais garantias, incluindo, sem limita\u00e7\u00e3o, garantias impl\u00edcitas de comercializa\u00e7\u00e3o, adequa\u00e7\u00e3o a um fim espec\u00edfico ou n\u00e3o viola\u00e7\u00e3o de propriedade intelectual ou outra viola\u00e7\u00e3o de direitos.<\/li>\n\n\n\n<li>Al\u00e9m disso, a <strong>Papel Fofos<\/strong> n\u00e3o garante nem faz qualquer declara\u00e7\u00e3o quanto \u00e0 precis\u00e3o, resultados prov\u00e1veis ou confiabilidade do uso dos materiais em seu site ou de outra forma relacionada a tais materiais ou a sites vinculados.<\/li>\n\n\n\n<li><strong>Limita\u00e7\u00f5es<\/strong><br>Em nenhum caso a <strong>Papel Fofos<\/strong> ou seus fornecedores ser\u00e3o respons\u00e1veis por quaisquer danos (incluindo, sem limita\u00e7\u00e3o, perda de dados ou lucros, ou interrup\u00e7\u00e3o de neg\u00f3cios) decorrentes do uso ou da incapacidade de usar os materiais no site da <strong>Papel Fofos<\/strong>, mesmo que a empresa ou um representante autorizado tenha sido notificado, oralmente ou por escrito, da possibilidade de tais danos. Como algumas jurisdi\u00e7\u00f5es n\u00e3o permitem limita\u00e7\u00f5es em garantias impl\u00edcitas ou responsabilidade por danos consequentes ou incidentais, essas limita\u00e7\u00f5es podem n\u00e3o se aplicar a voc\u00ea.<\/li>\n\n\n\n<li><strong>Precis\u00e3o dos Materiais<\/strong><br>Os materiais exibidos no site da <strong>Papel Fofos<\/strong> podem conter erros t\u00e9cnicos, tipogr\u00e1ficos ou fotogr\u00e1ficos. A <strong>Papel Fofos<\/strong> n\u00e3o garante que qualquer material em seu site seja preciso, completo ou atual. A empresa poder\u00e1 realizar altera\u00e7\u00f5es nos materiais contidos em seu site a qualquer momento, sem aviso pr\u00e9vio.<\/li>\n\n\n\n<li><strong>Links<\/strong><br>A <strong>Papel Fofos<\/strong> n\u00e3o analisou todos os sites vinculados ao seu site e n\u00e3o \u00e9 respons\u00e1vel pelo conte\u00fado de sites externos vinculados. A inclus\u00e3o de qualquer link n\u00e3o implica endosso da <strong>Papel Fofos<\/strong>. O uso de qualquer site vinculado \u00e9 por conta e risco do usu\u00e1rio.<\/li>\n\n\n\n<li><strong>Modifica\u00e7\u00f5es<\/strong><br>A <strong>Papel Fofos<\/strong> poder\u00e1 revisar estes termos de uso a qualquer momento, sem aviso pr\u00e9vio. Ao utilizar este site, voc\u00ea concorda em estar vinculado \u00e0 vers\u00e3o mais atualizada destes termos.<\/li>\n\n\n\n<li><strong>Lei Aplic\u00e1vel<\/strong><br>Estes termos e condi\u00e7\u00f5es s\u00e3o regidos e interpretados de acordo com as leis brasileiras, e voc\u00ea se submete irrevogavelmente \u00e0 jurisdi\u00e7\u00e3o exclusiva dos tribunais da localidade em que a <strong>Papel Fofos<\/strong> estiver estabelecida.<\/li>\n<\/ol>\n\n\n\n<p><\/p>","protected":false},"excerpt":{"rendered":"<p>Nossos termos Esta licen\u00e7a ser\u00e1 automaticamente rescindida caso voc\u00ea viole alguma dessas restri\u00e7\u00f5es e poder\u00e1 ser encerrada pela Papel Fofos a qualquer momento. Ao encerrar&#8230;<\/p>","protected":false},"author":1,"featured_media":0,"parent":0,"menu_order":0,"comment_status":"closed","ping_status":"closed","template":"","meta":{"footnotes":""},"class_list":["post-2871","page","type-page","status-publish","hentry"],"aioseo_notices":[],"_hostinger_reach_plugin_has_subscription_block":false,"_hostinger_reach_plugin_is_elementor":false,"_links":{"self":[{"href":"https:\/\/papelfofos.com\/en\/wp-json\/wp\/v2\/pages\/2871","targetHints":{"allow":["GET"]}}],"collection":[{"href":"https:\/\/papelfofos.com\/en\/wp-json\/wp\/v2\/pages"}],"about":[{"href":"https:\/\/papelfofos.com\/en\/wp-json\/wp\/v2\/types\/page"}],"author":[{"embeddable":true,"href":"https:\/\/papelfofos.com\/en\/wp-json\/wp\/v2\/users\/1"}],"replies":[{"embeddable":true,"href":"https:\/\/papelfofos.com\/en\/wp-json\/wp\/v2\/comments?post=2871"}],"version-history":[{"count":1,"href":"https:\/\/papelfofos.com\/en\/wp-json\/wp\/v2\/pages\/2871\/revisions"}],"predecessor-version":[{"id":2872,"href":"https:\/\/papelfofos.com\/en\/wp-json\/wp\/v2\/pages\/2871\/revisions\/2872"}],"wp:attachment":[{"href":"https:\/\/papelfofos.com\/en\/wp-json\/wp\/v2\/media?parent=2871"}],"curies":[{"name":"wp","href":"https:\/\/api.w.org\/{rel}","templated":true}]}}