{"id":3,"date":"2025-10-19T12:32:42","date_gmt":"2025-10-19T12:32:42","guid":{"rendered":"http:\/\/papelfofos.com\/?page_id=3"},"modified":"2025-10-23T18:35:53","modified_gmt":"2025-10-23T18:35:53","slug":"politica-de-privacidade","status":"publish","type":"page","link":"https:\/\/papelfofos.com\/en\/politica-de-privacidade\/","title":{"rendered":"Pol\u00edtica de Privacidade"},"content":{"rendered":"<div data-elementor-type=\"wp-page\" data-elementor-id=\"3\" class=\"elementor elementor-3\" data-elementor-post-type=\"page\">\n\t\t\t\t<div class=\"elementor-element elementor-element-2db80654 e-flex e-con-boxed e-con e-parent\" data-id=\"2db80654\" data-element_type=\"container\" data-e-type=\"container\">\n\t\t\t\t\t<div class=\"e-con-inner\">\n\t\t\t\t<div class=\"elementor-element elementor-element-2b040b00 elementor-widget elementor-widget-text-editor\" data-id=\"2b040b00\" data-element_type=\"widget\" data-e-type=\"widget\" data-widget_type=\"text-editor.default\">\n\t\t\t\t\t\t\t\t\t<h1 data-end=\"194\" data-start=\"160\">POL\u00cdTICA DE PRIVACIDADE DE DADOS<\/h1>\n<p data-end=\"371\" data-start=\"196\">A loja <strong data-end=\"218\" data-start=\"203\">Papel Fofos<\/strong> se compromete com a seguran\u00e7a de seus dados e \u00e9 claro que aqui na nossa loja oficial n\u00e3o \u00e9 diferente. Mantemos suas informa\u00e7\u00f5es no mais absoluto sigilo!<\/p>\n<p data-end=\"905\" data-start=\"373\">Priorizamos a privacidade e a seguran\u00e7a de nossos clientes durante todo o processo de navega\u00e7\u00e3o e compra pelo site. Todos os dados cadastrados (nome, endere\u00e7o, CPF) nunca ser\u00e3o comercializados ou trocados. Alguns dados, necess\u00e1rios para que empresas de log\u00edstica e meios de pagamento possam realizar a cobran\u00e7a e envio de seu pedido, ser\u00e3o divulgados para terceiros, apenas quando tais informa\u00e7\u00f5es forem necess\u00e1rias para o processo de entrega e cobran\u00e7a. Seus dados pessoais s\u00e3o fundamentais para que seu pedido chegue em seguran\u00e7a.<\/p>\n<p data-end=\"1220\" data-start=\"907\">Utilizamos cookies e informa\u00e7\u00f5es de sua navega\u00e7\u00e3o com o objetivo de tra\u00e7ar um perfil do p\u00fablico que visita o site e, assim, aperfei\u00e7oar nossos servi\u00e7os, produtos e conte\u00fados, tudo conforme regulamentado pela Lei Geral de Prote\u00e7\u00e3o de Dados. Durante todo este processo, mantemos suas informa\u00e7\u00f5es em sigilo absoluto.<\/p>\n<hr data-end=\"1225\" data-start=\"1222\" \/>\n<h2 data-end=\"1245\" data-start=\"1227\">O que \u00e9 a LGPD?<\/h2>\n<p data-end=\"1409\" data-start=\"1247\">A Lei Geral de Prote\u00e7\u00e3o de Dados (Lei n\u00ba 13.709\/2018) regulamenta o tratamento de dados pessoais de clientes e usu\u00e1rios por parte de empresas p\u00fablicas e privadas.<\/p>\n<hr data-end=\"1414\" data-start=\"1411\" \/>\n<h2 data-end=\"1444\" data-start=\"1416\">O que s\u00e3o dados pessoais?<\/h2>\n<p data-end=\"1810\" data-start=\"1446\">Dados pessoais s\u00e3o quaisquer informa\u00e7\u00f5es capazes de identificar voc\u00ea e\/ou qualquer pessoa f\u00edsica. Isso inclui dados que identificam uma pessoa imediatamente (como nome, sobrenome, CPF, RG, CNH, Carteira de Trabalho, passaporte e t\u00edtulo de eleitor), bem como dados que, em conjunto com outros, tornam uma pessoa identific\u00e1vel (g\u00eanero, idade, telefone, e-mail etc.).<\/p>\n<hr data-end=\"1815\" data-start=\"1812\" \/>\n<h2 data-end=\"1848\" data-start=\"1817\">O que \u00e9 tratamento de dados?<\/h2>\n<p data-end=\"2017\" data-start=\"1850\">\u00c9 o termo utilizado pela LGPD que resume tudo o que uma empresa pode fazer com dados pessoais a que tem acesso, como coleta, qualifica\u00e7\u00e3o, compartilhamento e exclus\u00e3o.<\/p>\n<hr data-end=\"2022\" data-start=\"2019\" \/>\n<h2 data-end=\"2045\" data-start=\"2024\">O que s\u00e3o cookies?<\/h2>\n<p data-end=\"2487\" data-start=\"2047\">S\u00e3o pequenos arquivos de texto enviados para seu navegador, contendo registros sobre seu comportamento ao acessar um site, mas que n\u00e3o armazenam dados pessoais ou afetam o sistema do seu dispositivo. Utilizamos cookies, pixels e outras tecnologias para reconhecer seu navegador ou dispositivo, aprender mais sobre seus interesses, apresentar servi\u00e7os essenciais, aperfei\u00e7oar a sua experi\u00eancia de navega\u00e7\u00e3o e impedir atividades fraudulentas.<\/p>\n<h3 data-end=\"2510\" data-start=\"2489\">Cookies da Sess\u00e3o<\/h3>\n<p data-end=\"2627\" data-start=\"2511\">Cookies tempor\u00e1rios usados para lembrar de voc\u00ea durante a visita ao site, que perdem validade ao fechar o navegador.<\/p>\n<h3 data-end=\"2653\" data-start=\"2629\">Cookies Persistentes<\/h3>\n<p data-end=\"2866\" data-start=\"2654\">Utilizados para medir a efic\u00e1cia do site e lembrar prefer\u00eancias, permanecendo mesmo ap\u00f3s fechar o navegador ou reinicializar o dispositivo. Permitem oferecer an\u00fancios segmentados e medir a funcionalidade do site.<\/p>\n<h3 data-end=\"2892\" data-start=\"2868\">Cookies de terceiros<\/h3>\n<p data-end=\"2949\" data-start=\"2893\">[EDITAR CONFORME NECESSIDADE DAS FERRAMENTAS UTILIZADAS]<\/p>\n<hr data-end=\"2954\" data-start=\"2951\" \/>\n<h2 data-end=\"3003\" data-start=\"2956\">Como usamos os dados pessoais que coletamos?<\/h2>\n<p data-end=\"3342\" data-start=\"3005\">Voc\u00ea fornece informa\u00e7\u00f5es de forma consciente e volunt\u00e1ria, ao aceitar os cookies ou ao realizar cadastro\/pedido na <strong data-end=\"3135\" data-start=\"3120\">Papel Fofos<\/strong>. Os dados coletados ser\u00e3o utilizados apenas para a finalidade que motivou o cadastro e n\u00e3o ser\u00e3o divulgados a terceiros, exceto para cumprimento de ordens judiciais ou por exig\u00eancia de autoridades p\u00fablicas.<\/p>\n<p data-end=\"3526\" data-start=\"3344\">Para garantir a seguran\u00e7a de seus dados, nunca compartilhe login e senha com terceiros. Em caso de suspeita de acesso indevido, altere imediatamente sua senha em sua \u00e1rea de cliente.<\/p>\n<hr data-end=\"3531\" data-start=\"3528\" \/>\n<h2 data-end=\"3578\" data-start=\"3533\">Por quanto tempo usamos os dados pessoais?<\/h2>\n<p data-end=\"3739\" data-start=\"3580\">Os dados pessoais s\u00e3o armazenados apenas pelo tempo necess\u00e1rio para cumprir as finalidades de sua coleta, salvo obriga\u00e7\u00f5es legais, regulat\u00f3rias ou contratuais.<\/p>\n<hr data-end=\"3744\" data-start=\"3741\" \/>\n<h2 data-end=\"3762\" data-start=\"3746\">Seus direitos<\/h2>\n<p data-end=\"3856\" data-start=\"3764\">Voc\u00ea pode solicitar \u00e0 <strong data-end=\"3801\" data-start=\"3786\">Papel Fofos<\/strong> informa\u00e7\u00f5es sobre o tratamento de seus dados pessoais:<\/p>\n<ol data-end=\"4428\" data-start=\"3858\">\n<li data-end=\"3922\" data-start=\"3858\">\n<p data-end=\"3922\" data-start=\"3861\">Confirma\u00e7\u00e3o da exist\u00eancia de tratamento e acesso aos dados;<\/p>\n<\/li>\n<li data-end=\"3986\" data-start=\"3923\">\n<p data-end=\"3986\" data-start=\"3926\">Corre\u00e7\u00e3o de dados incompletos, inexatos ou desatualizados;<\/p>\n<\/li>\n<li data-end=\"4095\" data-start=\"3987\">\n<p data-end=\"4095\" data-start=\"3990\">Anonimiza\u00e7\u00e3o, bloqueio ou elimina\u00e7\u00e3o de dados desnecess\u00e1rios ou tratados em desconformidade com a LGPD;<\/p>\n<\/li>\n<li data-end=\"4168\" data-start=\"4096\">\n<p data-end=\"4168\" data-start=\"4099\">Portabilidade de dados a outro fornecedor, conforme regulamenta\u00e7\u00e3o;<\/p>\n<\/li>\n<li data-end=\"4253\" data-start=\"4169\">\n<p data-end=\"4253\" data-start=\"4172\">Informa\u00e7\u00e3o sobre o compartilhamento de dados com entidades p\u00fablicas e privadas;<\/p>\n<\/li>\n<li data-end=\"4343\" data-start=\"4254\">\n<p data-end=\"4343\" data-start=\"4257\">Informa\u00e7\u00e3o sobre a possibilidade de n\u00e3o fornecer consentimento e suas consequ\u00eancias;<\/p>\n<\/li>\n<li data-end=\"4428\" data-start=\"4344\">\n<p data-end=\"4428\" data-start=\"4347\">Revoga\u00e7\u00e3o do consentimento em rela\u00e7\u00e3o \u00e0s atividades de tratamento que o requerem.<\/p>\n<\/li>\n<\/ol>\n<p data-end=\"4540\" data-start=\"4430\">Para exercer qualquer direito, entre em contato com a <strong data-end=\"4499\" data-start=\"4484\">Papel Fofos<\/strong> pelos canais de atendimento dispon\u00edveis.<\/p>\n<hr data-end=\"4545\" data-start=\"4542\" \/>\n<h2 data-end=\"4569\" data-start=\"4547\">Seguran\u00e7a dos dados<\/h2>\n<p data-end=\"4818\" data-start=\"4571\">A <strong data-end=\"4588\" data-start=\"4573\">Papel Fofos<\/strong> utiliza os dados pessoais apenas para processamento de pedidos. Toda navega\u00e7\u00e3o e transa\u00e7\u00f5es de pagamento no site s\u00e3o criptografadas via SSL (Secure Socket Layer), garantindo que apenas a loja tenha acesso \u00e0s informa\u00e7\u00f5es pessoais.<\/p>\n<h3 data-end=\"4849\" data-start=\"4820\">Certificados de seguran\u00e7a<\/h3>\n<ul data-end=\"5061\" data-start=\"4850\">\n<li data-end=\"4919\" data-start=\"4850\">\n<p data-end=\"4919\" data-start=\"4852\"><strong data-end=\"4881\" data-start=\"4852\">SELO GOOGLE SAFE BROWSING<\/strong>: atesta a navega\u00e7\u00e3o segura do site.<\/p>\n<\/li>\n<li data-end=\"5061\" data-start=\"4920\">\n<p data-end=\"5061\" data-start=\"4922\"><strong data-end=\"4941\" data-start=\"4922\">CERTIFICADO SSL<\/strong>: garante criptografia de dados e seguran\u00e7a em transa\u00e7\u00f5es. Sites seguros usam HTTPS e exibem cadeado verde no navegador.<\/p>\n<\/li>\n<\/ul>\t\t\t\t\t\t\t\t<\/div>\n\t\t\t\t\t<\/div>\n\t\t\t\t<\/div>\n\t\t\t\t<\/div>","protected":false},"excerpt":{"rendered":"<p>POL\u00cdTICA DE PRIVACIDADE DE DADOS A loja Papel Fofos se compromete com a seguran\u00e7a de seus dados e \u00e9 claro que aqui na nossa loja&#8230;<\/p>","protected":false},"author":1,"featured_media":0,"parent":0,"menu_order":0,"comment_status":"closed","ping_status":"closed","template":"","meta":{"footnotes":""},"class_list":["post-3","page","type-page","status-publish","hentry"],"aioseo_notices":[],"_hostinger_reach_plugin_has_subscription_block":false,"_hostinger_reach_plugin_is_elementor":false,"_links":{"self":[{"href":"https:\/\/papelfofos.com\/en\/wp-json\/wp\/v2\/pages\/3","targetHints":{"allow":["GET"]}}],"collection":[{"href":"https:\/\/papelfofos.com\/en\/wp-json\/wp\/v2\/pages"}],"about":[{"href":"https:\/\/papelfofos.com\/en\/wp-json\/wp\/v2\/types\/page"}],"author":[{"embeddable":true,"href":"https:\/\/papelfofos.com\/en\/wp-json\/wp\/v2\/users\/1"}],"replies":[{"embeddable":true,"href":"https:\/\/papelfofos.com\/en\/wp-json\/wp\/v2\/comments?post=3"}],"version-history":[{"count":4,"href":"https:\/\/papelfofos.com\/en\/wp-json\/wp\/v2\/pages\/3\/revisions"}],"predecessor-version":[{"id":2868,"href":"https:\/\/papelfofos.com\/en\/wp-json\/wp\/v2\/pages\/3\/revisions\/2868"}],"wp:attachment":[{"href":"https:\/\/papelfofos.com\/en\/wp-json\/wp\/v2\/media?parent=3"}],"curies":[{"name":"wp","href":"https:\/\/api.w.org\/{rel}","templated":true}]}}