{"id":2409,"date":"2025-10-20T13:14:33","date_gmt":"2025-10-20T13:14:33","guid":{"rendered":"https:\/\/papelfofos.com\/product\/convite-rendado-de-casamento\/"},"modified":"2025-10-25T00:37:35","modified_gmt":"2025-10-25T00:37:35","slug":"convite-rendado-de-casamento","status":"publish","type":"product","link":"https:\/\/papelfofos.com\/en\/product\/convite-rendado-de-casamento\/","title":{"rendered":"Convite rendado de casamento"},"content":{"rendered":"<p><span style=\"font-size:14px;\">Celebre momentos especiais com a delicadeza e a beleza da natureza!<\/span><\/p>\n<p><span style=\"font-size:14px;\">Nosso <b>Convite Rendado\u00a0Borboletas e Flores<\/b>\u00a0\u00e9 perfeito para casamentos, festas de 15 anos, anivers\u00e1rios e ch\u00e1s de beb\u00ea. O convite \u00e9 feito em um design rom\u00e2ntico com <b>detalhes de corte que formam uma renda em formato de borboletas e flores<\/b>, criando um efeito visual vazado e sofisticado. A fita de cetim branca, amarrada em um la\u00e7o elegante, adiciona um toque final de delicadeza. Um convite que n\u00e3o \u00e9 apenas um papel, mas a <b>promessa de um evento leve e encantador!<\/b><\/span><\/p>\n<h3><span style=\"font-size:14px;\"><b>Detalhes T\u00e9cnicos<\/b><\/span><\/h3>\n<p><span style=\"font-size:14px;\"><b>\ud83d\udcd0 Medidas principais do convite:<\/b><\/span><\/p>\n<ul>\n<li>\n<p><span style=\"font-size:14px;\"><b>Convite Fechado:<\/b>\u00a020cm x 14cm (aproximadamente, no formato de envelope).<\/span><\/p>\n<\/li>\n<li>\n<p><span style=\"font-size:14px;\"><b>Parte interna:<\/b> 20cm x 14cm (aproximadamente, com as informa\u00e7\u00f5es do evento).<\/span><\/p>\n<\/li>\n<li>\n<p><span style=\"font-size:14px;\"><b>Corte:<\/b> Detalhes vazados de borboletas e flores na capa do convite(envelope).<\/span><\/p>\n<\/li>\n<\/ul>\n<p><span style=\"font-size:14px;\"><b>\ud83d\udcc4 Pap\u00e9is usados:<\/b><\/span><\/p>\n<ul>\n<li>\n<p><span style=\"font-size:14px;\"><b>Capa\/Envelope:<\/b> Papel de alta gramatura, como Color Plus 180g ou 230g na cor rosa, para dar a solidez e o contraste com a arte interna.<\/span><\/p>\n<\/li>\n<li>\n<p><span style=\"font-size:14px;\"><b>Parte interna (convite):<\/b> Papel off set ou Glossy 180g.<\/span><\/p>\n<\/li>\n<\/ul>\n<p><span style=\"font-size:14px;\"><b>\ud83c\udfa8 Decora\u00e7\u00e3o e Acabamento:<\/b><\/span><\/p>\n<ul>\n<li>\n<p><span style=\"font-size:14px;\"><b>Corte:<\/b> A tecnologia de corte permite a cria\u00e7\u00e3o de detalhes vazados e precisos, tornando o convite \u00fanico.<\/span><\/p>\n<\/li>\n<li>\n<p><span style=\"font-size:14px;\"><b>Fita\/La\u00e7o:<\/b> Fita de cetim na cor branca ou similar para prender o convite e dar um toque final de eleg\u00e2ncia.<\/span><\/p>\n<\/li>\n<li>\n<p><span style=\"font-size:14px;\"><b>Conte\u00fado:<\/b> Impress\u00e3o\u00a0com fontes delicadas.<\/span><\/p>\n<\/li>\n<\/ul>\n<p>\u00a0<\/p>\n<p><span style=\"font-size:16px;\"><strong>Observa\u00e7\u00f5es: <\/strong><\/span><\/p>\n<ul>\n<li>\n<p><span style=\"font-size:14px;\">Os elementos decorativos, como la\u00e7os, pedrarias e similares, poder\u00e3o variar conforme a disponibilidade em estoque, sem preju\u00edzo para a qualidade e a est\u00e9tica do produto.<\/span><\/p>\n<\/li>\n<li>\n<p><span style=\"color: rgb(51, 51, 51); font-family: museo_sans, sans-serif; font-size: 14px; font-style: normal; font-variant-ligatures: normal; font-variant-caps: normal; font-weight: 300; letter-spacing: 0.16px; orphans: 2; text-align: start; text-indent: 0px; text-transform: none; widows: 2; word-spacing: 0px; -webkit-text-stroke-width: 0px; white-space: normal; text-decoration-thickness: initial; text-decoration-style: initial; text-decoration-color: initial; display: inline !important; float: none;\">Poder haver leve altera\u00e7\u00e3o nas cores devido a diferen\u00e7a de telas e monitores.<\/span><\/p>\n<\/li>\n<li>\n<p><span style=\"color: rgb(51, 51, 51); font-family: museo_sans, sans-serif; font-size: 14px; font-style: normal; font-variant-ligatures: normal; font-variant-caps: normal; font-weight: 300; letter-spacing: 0.16px; orphans: 2; text-align: start; text-indent: 0px; text-transform: none; widows: 2; word-spacing: 0px; -webkit-text-stroke-width: 0px; white-space: normal; text-decoration-thickness: initial; text-decoration-style: initial; text-decoration-color: initial; display: inline !important; float: none;\">Envelope e fita pode ser em outras cores, o que deve ser previamente alinhado com a vendedora<\/span><\/p>\n<\/li>\n<\/ul>\n<p>\u00a0<\/p>\n<p><span style=\"font-size:16px;\"><strong>Observa\u00e7\u00f5es: <\/strong><\/span><\/p>\n<ul>\n<li>\n<p><span style=\"font-size:14px;\">Os elementos decorativos, como la\u00e7os, pedrarias e similares, poder\u00e3o variar conforme a disponibilidade em estoque, sem preju\u00edzo para a qualidade e a est\u00e9tica do produto.<\/span><\/p>\n<\/li>\n<li>\n<p><span style=\"color: rgb(51, 51, 51); font-family: museo_sans, sans-serif; font-size: 14px; font-style: normal; font-variant-ligatures: normal; font-variant-caps: normal; font-weight: 300; letter-spacing: 0.16px; orphans: 2; text-align: start; text-indent: 0px; text-transform: none; widows: 2; word-spacing: 0px; -webkit-text-stroke-width: 0px; white-space: normal; text-decoration-thickness: initial; text-decoration-style: initial; text-decoration-color: initial; display: inline !important; float: none;\">Poder haver leve altera\u00e7\u00e3o nas cores devido a diferen\u00e7a de telas e monitores.<\/span><\/p>\n<\/li>\n<li>\n<p><span style=\"color: rgb(51, 51, 51); font-family: museo_sans, sans-serif; font-size: 14px; font-style: normal; font-variant-ligatures: normal; font-variant-caps: normal; font-weight: 300; letter-spacing: 0.16px; orphans: 2; text-align: start; text-indent: 0px; text-transform: none; widows: 2; word-spacing: 0px; -webkit-text-stroke-width: 0px; white-space: normal; text-decoration-thickness: initial; text-decoration-style: initial; text-decoration-color: initial; display: inline !important; float: none;\">Envelope e fita pode ser em outras cores, o que deve ser previamente alinhado com a vendedora<\/span><\/p>\n<\/li>\n<\/ul>","protected":false},"excerpt":{"rendered":"<p>Celebre momentos especiais com a delicadeza e a beleza da natureza! Nosso Convite Rendado\u00a0Borboletas e Flores\u00a0\u00e9 perfeito para casamentos, festas de 15 anos, anivers\u00e1rios e&#8230;<\/p>","protected":false},"featured_media":1918,"comment_status":"open","ping_status":"closed","template":"","meta":[],"etheme_brands":[],"product_brand":[],"product_cat":[99],"product_tag":[],"class_list":{"0":"post-2409","1":"product","2":"type-product","3":"status-publish","4":"has-post-thumbnail","6":"product_cat-convites","8":"first","9":"instock","10":"shipping-taxable","11":"purchasable","12":"product-type-simple"},"aioseo_notices":[],"_links":{"self":[{"href":"https:\/\/papelfofos.com\/en\/wp-json\/wp\/v2\/product\/2409","targetHints":{"allow":["GET"]}}],"collection":[{"href":"https:\/\/papelfofos.com\/en\/wp-json\/wp\/v2\/product"}],"about":[{"href":"https:\/\/papelfofos.com\/en\/wp-json\/wp\/v2\/types\/product"}],"replies":[{"embeddable":true,"href":"https:\/\/papelfofos.com\/en\/wp-json\/wp\/v2\/comments?post=2409"}],"version-history":[{"count":0,"href":"https:\/\/papelfofos.com\/en\/wp-json\/wp\/v2\/product\/2409\/revisions"}],"wp:featuredmedia":[{"embeddable":true,"href":"https:\/\/papelfofos.com\/en\/wp-json\/wp\/v2\/media\/1918"}],"wp:attachment":[{"href":"https:\/\/papelfofos.com\/en\/wp-json\/wp\/v2\/media?parent=2409"}],"wp:term":[{"taxonomy":"brand","embeddable":true,"href":"https:\/\/papelfofos.com\/en\/wp-json\/wp\/v2\/etheme_brands?post=2409"},{"taxonomy":"product_brand","embeddable":true,"href":"https:\/\/papelfofos.com\/en\/wp-json\/wp\/v2\/product_brand?post=2409"},{"taxonomy":"product_cat","embeddable":true,"href":"https:\/\/papelfofos.com\/en\/wp-json\/wp\/v2\/product_cat?post=2409"},{"taxonomy":"product_tag","embeddable":true,"href":"https:\/\/papelfofos.com\/en\/wp-json\/wp\/v2\/product_tag?post=2409"}],"curies":[{"name":"wp","href":"https:\/\/api.w.org\/{rel}","templated":true}]}}