{"id":2419,"date":"2025-10-20T13:14:34","date_gmt":"2025-10-20T13:14:34","guid":{"rendered":"https:\/\/papelfofos.com\/product\/kit-convite-floral-azul\/"},"modified":"2025-10-25T00:37:35","modified_gmt":"2025-10-25T00:37:35","slug":"kit-convite-floral-azul","status":"publish","type":"product","link":"https:\/\/papelfofos.com\/en\/product\/kit-convite-floral-azul\/","title":{"rendered":"Kit Convite floral azul"},"content":{"rendered":"<p><span style=\"font-size:14px;\">Celebre a sua uni\u00e3o com a beleza e a tradi\u00e7\u00e3o de um evento sagrado! Nosso <b>Kit de Convite de Casamento\u00a0floral azul<\/b> \u00e9 perfeito para noivos que buscam uma combina\u00e7\u00e3o de eleg\u00e2ncia, f\u00e9 e organiza\u00e7\u00e3o para o grande dia. O kit conta com uma identidade visual coesa, unindo a beleza da natureza \u00e0 simbologia da f\u00e9 por meio de uma estampa delicada de flores em tons azuis.<\/span><\/p>\n<p>\u00a0<\/p>\n<ul>\n<li>\n<p><span style=\"font-size:14px;\"><b>Conte\u00fado:<\/b> O kit inclui todas as pe\u00e7as necess\u00e1rias para organizar a cerim\u00f4nia e a recep\u00e7\u00e3o, mantendo um design harmonioso:<\/span><\/p>\n<\/li>\n<li>\n<ul>\n<li><span style=\"font-size:14px;\"><b>1 Convite Principal:<\/b> Onde constam as informa\u00e7\u00f5es essenciais sobre a data, hor\u00e1rio e local da cerim\u00f4nia e festa.<\/span><\/li>\n<li>\n<p><span style=\"font-size:14px;\"><strong>1 Envelope modelo bico vertical: <\/strong>Decorado com la\u00e7o em fio de sizal e arranjo de flor campo.<\/span><\/p>\n<\/li>\n<li>\n<p><span style=\"font-size:14px;\"><b>2 Convites Individuais :<\/b> Pequenos e pr\u00e1ticos, para garantir o controle de acesso \u00e0 celebra\u00e7\u00e3o.<\/span><\/p>\n<\/li>\n<li>\n<p><span style=\"font-size:14px;\"><b>1 Cart\u00e3o 3 em 1:<\/b> Uma solu\u00e7\u00e3o funcional que serve como menu, agradecimento e marca-lugar, oferecendo praticidade na mesa dos convidados. Vai desmontado para facilitar o envio. O cart\u00e3o possui colagem adesiva.<\/span><\/p>\n<\/li>\n<\/ul>\n<\/li>\n<li>\n<p><span style=\"font-size:14px;\"><b>Medidas Principais:<\/b><\/span><\/p>\n<ul>\n<li>\n<p><span style=\"font-size:14px;\"><b>Convite Principal:<\/b>\u00a0Medidas 14 cm x 20 cm.<\/span><\/p>\n<\/li>\n<li>\n<p><span style=\"font-size:14px;\">Envelope<\/span><\/p>\n<\/li>\n<li>\n<p><span style=\"font-size:14px;\"><b>Convites Individuais:<\/b> Aproximadamente 7 cm x 4 cm.<\/span><\/p>\n<\/li>\n<li>\n<p><span style=\"font-size:14px;\"><b>Cart\u00e3o 3 em 1:<\/b> Aproximadamente 7,5 cm x 18 cm.<\/span><\/p>\n<\/li>\n<\/ul>\n<\/li>\n<li>\n<p><span style=\"font-size:14px;\"><b>Pap\u00e9is usados:<\/b> Papel de alta gramatura, com um acabamento suave e refinado, para dar solidez e um toque agrad\u00e1vel ao convite.<\/span><\/p>\n<\/li>\n<li>\n<p><span style=\"font-size:14px;\"><b>Decora\u00e7\u00e3o e Acabamento:<\/b> O kit conta com um la\u00e7o de fita de cetim, que adiciona um toque final de delicadeza e eleg\u00e2ncia. O design floral e a ilustra\u00e7\u00e3o da igreja criam um convite que n\u00e3o \u00e9 apenas um papel, mas a promessa de um evento cheio de charme, organiza\u00e7\u00e3o e f\u00e9!<\/span><\/p>\n<\/li>\n<li>\n<p><span style=\"font-size:14px;\"><strong>Observa\u00e7\u00e3o importante: <\/strong>Os acess\u00f3rios decorativos (la\u00e7os, pedrarias, flores, etc) podem variar conforme disponibilidade dos materiais na loja. No entanto, isso n\u00e3o compromete a est\u00e9tica do convite.<\/span><\/p>\n<\/li>\n<\/ul>\n<p>\u00a0<\/p>\n<p><strong><span style=\"font-size:16px;\">Observa\u00e7\u00f5es: <\/span><\/strong><\/p>\n<ul>\n<li>\n<p><span style=\"font-size:14px;\">Os elementos decorativos, como la\u00e7os, pedrarias e similares, poder\u00e3o variar conforme a disponibilidade em estoque, sem preju\u00edzo para a qualidade e a est\u00e9tica do produto.<\/span><\/p>\n<\/li>\n<li>\n<p><span style=\"color: rgb(51, 51, 51); font-family: museo_sans, sans-serif; font-size: 14px; font-style: normal; font-variant-ligatures: normal; font-variant-caps: normal; font-weight: 300; letter-spacing: 0.16px; orphans: 2; text-align: start; text-indent: 0px; text-transform: none; widows: 2; word-spacing: 0px; -webkit-text-stroke-width: 0px; white-space: normal; text-decoration-thickness: initial; text-decoration-style: initial; text-decoration-color: initial; display: inline !important; float: none;\">Poder haver leve altera\u00e7\u00e3o nas cores devido a diferen\u00e7a de telas e monitores.<\/span><\/p>\n<\/li>\n<li>\n<p><span style=\"color: rgb(51, 51, 51); font-family: museo_sans, sans-serif; font-size: 14px; font-style: normal; font-variant-ligatures: normal; font-variant-caps: normal; font-weight: 300; letter-spacing: 0.16px; orphans: 2; text-align: start; text-indent: 0px; text-transform: none; widows: 2; word-spacing: 0px; -webkit-text-stroke-width: 0px; white-space: normal; text-decoration-thickness: initial; text-decoration-style: initial; text-decoration-color: initial; display: inline !important; float: none;\">Envelope e fita pode ser em outras cores, o que deve ser previamente alinhado com a vendedora.<\/span><\/p>\n<\/li>\n<\/ul>","protected":false},"excerpt":{"rendered":"<p>Celebre a sua uni\u00e3o com a beleza e a tradi\u00e7\u00e3o de um evento sagrado! Nosso Kit de Convite de Casamento\u00a0floral azul \u00e9 perfeito para noivos&#8230;<\/p>","protected":false},"featured_media":1955,"comment_status":"open","ping_status":"closed","template":"","meta":[],"etheme_brands":[],"product_brand":[],"product_cat":[99],"product_tag":[],"class_list":{"0":"post-2419","1":"product","2":"type-product","3":"status-publish","4":"has-post-thumbnail","6":"product_cat-convites","8":"first","9":"instock","10":"shipping-taxable","11":"purchasable","12":"product-type-simple"},"aioseo_notices":[],"_links":{"self":[{"href":"https:\/\/papelfofos.com\/en\/wp-json\/wp\/v2\/product\/2419","targetHints":{"allow":["GET"]}}],"collection":[{"href":"https:\/\/papelfofos.com\/en\/wp-json\/wp\/v2\/product"}],"about":[{"href":"https:\/\/papelfofos.com\/en\/wp-json\/wp\/v2\/types\/product"}],"replies":[{"embeddable":true,"href":"https:\/\/papelfofos.com\/en\/wp-json\/wp\/v2\/comments?post=2419"}],"version-history":[{"count":0,"href":"https:\/\/papelfofos.com\/en\/wp-json\/wp\/v2\/product\/2419\/revisions"}],"wp:featuredmedia":[{"embeddable":true,"href":"https:\/\/papelfofos.com\/en\/wp-json\/wp\/v2\/media\/1955"}],"wp:attachment":[{"href":"https:\/\/papelfofos.com\/en\/wp-json\/wp\/v2\/media?parent=2419"}],"wp:term":[{"taxonomy":"brand","embeddable":true,"href":"https:\/\/papelfofos.com\/en\/wp-json\/wp\/v2\/etheme_brands?post=2419"},{"taxonomy":"product_brand","embeddable":true,"href":"https:\/\/papelfofos.com\/en\/wp-json\/wp\/v2\/product_brand?post=2419"},{"taxonomy":"product_cat","embeddable":true,"href":"https:\/\/papelfofos.com\/en\/wp-json\/wp\/v2\/product_cat?post=2419"},{"taxonomy":"product_tag","embeddable":true,"href":"https:\/\/papelfofos.com\/en\/wp-json\/wp\/v2\/product_tag?post=2419"}],"curies":[{"name":"wp","href":"https:\/\/api.w.org\/{rel}","templated":true}]}}