{"id":2426,"date":"2025-10-20T13:14:34","date_gmt":"2025-10-20T13:14:34","guid":{"rendered":"https:\/\/papelfofos.com\/product\/caixa-amor-de-chocolate\/"},"modified":"2025-10-25T00:37:36","modified_gmt":"2025-10-25T00:37:36","slug":"caixa-amor-de-chocolate","status":"publish","type":"product","link":"https:\/\/papelfofos.com\/en\/product\/caixa-amor-de-chocolate\/","title":{"rendered":"Caixa Amor de chocolate"},"content":{"rendered":"<p data-end=\"113\" data-start=\"64\"><span style=\"font-size:16px;\">\ud83c\udf6b <strong data-end=\"108\" data-start=\"67\">Caixa para 4 Doces \u2013 Chocolate \u00e9 Amor<\/strong> \ud83c\udf6b<\/span><\/p>\n<p data-end=\"390\" data-start=\"115\"><span style=\"font-size:14px;\">Uma embalagem que transmite carinho em cada detalhe!<br data-end=\"170\" data-start=\"167\" \/><br \/>\nCom design clean em branco e detalhes em vermelho, essa caixinha traz mensagens especiais como <em data-end=\"318\" data-start=\"265\">\u201cProduzidos com carinho para voc\u00ea comer com prazer\u201d<\/em> e <em data-end=\"341\" data-start=\"321\">\u201cChocolate \u00e9 amor\u201d<\/em>, tornando o presente ainda mais significativo.<\/span><\/p>\n<p data-end=\"654\" data-start=\"392\"><span style=\"font-size:14px;\">\u2728 Espa\u00e7o ideal para at\u00e9 <strong data-end=\"430\" data-start=\"416\">4 unidades<\/strong> (brigadeiros, bombons, trufas ou Ferrero Rocher).<br data-end=\"483\" data-start=\"480\" \/><br \/>\n\ud83c\udf81 \u00d3tima op\u00e7\u00e3o para <strong data-end=\"560\" data-start=\"503\">presentes rom\u00e2nticos, lembrancinhas e datas especiais<\/strong>.<br data-end=\"564\" data-start=\"561\" \/><br \/>\n\ud83d\udc9d Estrutura resistente e visual delicado que valoriza seus doces e encanta quem recebe.<\/span><\/p>\n<p data-end=\"654\" data-start=\"392\">\u00a0<\/p>\n<p data-end=\"92\" data-start=\"64\"><span style=\"font-size:16px;\">Ideal para:<\/span><br data-end=\"432\" data-start=\"429\" \/><br \/>\n<span style=\"font-size:14px;\">\ud83c\udf81 Presentes rom\u00e2nticos<br data-end=\"458\" data-start=\"455\" \/><br \/>\n\ud83c\udf89 Lembrancinhas de festas e eventos<\/span><\/p>\n<p data-end=\"538\" data-start=\"418\"><span style=\"font-size:14px;\">\u2728Brindes<br data-end=\"497\" data-start=\"494\" \/><br \/>\n\ud83d\udc9d Surpresas criativas e personalizadas<\/span><\/p>\n<p data-end=\"713\" data-start=\"656\"><strong><span style=\"font-size:16px;\">Porque chocolate com amor \u00e9 sempre o presente perfeito!<\/span><\/strong><\/p>","protected":false},"excerpt":{"rendered":"<p>\ud83c\udf6b Caixa para 4 Doces \u2013 Chocolate \u00e9 Amor \ud83c\udf6b Uma embalagem que transmite carinho em cada detalhe! Com design clean em branco e detalhes&#8230;<\/p>","protected":false},"featured_media":2012,"comment_status":"open","ping_status":"closed","template":"","meta":[],"etheme_brands":[],"product_brand":[],"product_cat":[98],"product_tag":[],"class_list":{"0":"post-2426","1":"product","2":"type-product","3":"status-publish","4":"has-post-thumbnail","6":"product_cat-embalagens","8":"first","9":"instock","10":"shipping-taxable","11":"purchasable","12":"product-type-simple"},"aioseo_notices":[],"_links":{"self":[{"href":"https:\/\/papelfofos.com\/en\/wp-json\/wp\/v2\/product\/2426","targetHints":{"allow":["GET"]}}],"collection":[{"href":"https:\/\/papelfofos.com\/en\/wp-json\/wp\/v2\/product"}],"about":[{"href":"https:\/\/papelfofos.com\/en\/wp-json\/wp\/v2\/types\/product"}],"replies":[{"embeddable":true,"href":"https:\/\/papelfofos.com\/en\/wp-json\/wp\/v2\/comments?post=2426"}],"version-history":[{"count":0,"href":"https:\/\/papelfofos.com\/en\/wp-json\/wp\/v2\/product\/2426\/revisions"}],"wp:featuredmedia":[{"embeddable":true,"href":"https:\/\/papelfofos.com\/en\/wp-json\/wp\/v2\/media\/2012"}],"wp:attachment":[{"href":"https:\/\/papelfofos.com\/en\/wp-json\/wp\/v2\/media?parent=2426"}],"wp:term":[{"taxonomy":"brand","embeddable":true,"href":"https:\/\/papelfofos.com\/en\/wp-json\/wp\/v2\/etheme_brands?post=2426"},{"taxonomy":"product_brand","embeddable":true,"href":"https:\/\/papelfofos.com\/en\/wp-json\/wp\/v2\/product_brand?post=2426"},{"taxonomy":"product_cat","embeddable":true,"href":"https:\/\/papelfofos.com\/en\/wp-json\/wp\/v2\/product_cat?post=2426"},{"taxonomy":"product_tag","embeddable":true,"href":"https:\/\/papelfofos.com\/en\/wp-json\/wp\/v2\/product_tag?post=2426"}],"curies":[{"name":"wp","href":"https:\/\/api.w.org\/{rel}","templated":true}]}}