{"id":2435,"date":"2025-10-20T13:14:35","date_gmt":"2025-10-20T13:14:35","guid":{"rendered":"https:\/\/papelfofos.com\/product\/cartao-maquina-fotografica-de-agradecimento-com-blister\/"},"modified":"2025-10-28T16:20:58","modified_gmt":"2025-10-28T16:20:58","slug":"cartao-maquina-fotografica-de-agradecimento-com-blister","status":"publish","type":"product","link":"https:\/\/papelfofos.com\/en\/product\/cartao-maquina-fotografica-de-agradecimento-com-blister\/","title":{"rendered":"Cart\u00e3o m\u00e1quina fotogr\u00e1fica de agradecimento com Blister"},"content":{"rendered":"<h3 data-end=\"294\" data-start=\"269\"><span style=\"font-size:16px;\"><strong>CART\u00c3O BLISTER<\/strong><\/span><br style=\"box-sizing: border-box; border-width: 0px; border-style: solid; border-color: currentcolor; color: rgb(51, 51, 51); font-family: museo_sans, sans-serif; font-size: 14px; font-style: normal; font-variant-ligatures: normal; font-variant-caps: normal; font-weight: 300; letter-spacing: 0.16px; orphans: 2; text-align: start; text-indent: 0px; text-transform: none; widows: 2; word-spacing: 0px; -webkit-text-stroke-width: 0px; white-space: normal; text-decoration-thickness: initial; text-decoration-style: initial; text-decoration-color: initial;\" \/><br \/>\n<span style=\"color: rgb(51, 51, 51); font-family: museo_sans, sans-serif; font-size: 14px; font-style: normal; font-variant-ligatures: normal; font-variant-caps: normal; font-weight: 300; letter-spacing: 0.16px; orphans: 2; text-align: start; text-indent: 0px; text-transform: none; widows: 2; word-spacing: 0px; -webkit-text-stroke-width: 0px; white-space: normal; text-decoration-thickness: initial; text-decoration-style: initial; text-decoration-color: initial; display: inline !important; float: none;\">(n\u00e3o acompanha o bombom,\u00a0nem flores desidratadas)<\/span><\/h3>\n<p><span style=\"font-size:16px;\"><strong>Aten\u00e7\u00e3o: N\u00c3O COLAMOS O BLISTER NO CART\u00c3O, V\u00c3O SEPARADAMENTE PARA FACILITAR O ENVIO.<\/strong><\/span><\/p>\n<p data-end=\"657\" data-start=\"295\"><span style=\"font-size:14px;\">Cart\u00e3o decorativo em papel de alta qualidade.\u00a0Tema \u201c<em data-end=\"682\" data-start=\"604\">Registre esse momento<\/em>\u201d.\u00a0Possui blister transparente para ser acoplado, ideal para colocar doces, brigadeiros, bombons ou pequenos mimos (n\u00e3o inclusos).<\/span><\/p>\n<p data-end=\"657\" data-start=\"295\">\ud83c\udf81<span style=\"font-size:16px;\"><strong>Perfeito para<\/strong><\/span><span style=\"font-size:14px;\"><strong>:<\/strong> lembrancinhas de fim de ano, brindes empresariais, presentear clientes, amigos, familiares ou compor kits natalinos personalizados.<\/span><\/p>\n<p data-end=\"657\" data-start=\"295\"><span style=\"font-size:16px;\"><span style=\"color: rgb(51, 51, 51); font-family: museo_sans, sans-serif; font-style: normal; font-variant-ligatures: normal; font-variant-caps: normal; font-weight: 300; letter-spacing: 0.16px; orphans: 2; text-align: start; text-indent: 0px; text-transform: none; widows: 2; word-spacing: 0px; -webkit-text-stroke-width: 0px; white-space: normal; text-decoration-thickness: initial; text-decoration-style: initial; text-decoration-color: initial; float: none; display: inline !important;\">Poder haver leve altera\u00e7\u00e3o nas cores devido a diferen\u00e7a de telas e monitores.<\/span><\/span><\/p>\n<p data-end=\"692\" data-start=\"659\"><span style=\"font-size:16px;\"><strong data-end=\"690\" data-start=\"659\">Caracter\u00edsticas principais:<\/strong><\/span><\/p>\n<ul data-end=\"906\" data-start=\"693\">\n<li data-end=\"730\" data-start=\"693\">\n<p data-end=\"730\" data-start=\"695\"><span style=\"font-size:14px;\">Material: papel alta gramatura.<\/span><\/p>\n<\/li>\n<li data-end=\"788\" data-start=\"731\">\n<p data-end=\"788\" data-start=\"733\"><span style=\"font-size:14px;\">Blister transparente incluso (doce\/brinde n\u00e3o incluso)<\/span><\/p>\n<\/li>\n<li data-end=\"906\" data-start=\"848\">\n<p data-end=\"906\" data-start=\"850\"><span style=\"font-size:14px;\">Ideal para lembrancinhas, festas e presentes criativos<\/span><\/p>\n<\/li>\n<\/ul>\n<p>\u00a0<\/p>","protected":false},"excerpt":{"rendered":"<p>CART\u00c3O BLISTER (n\u00e3o acompanha o bombom,\u00a0nem flores desidratadas) Aten\u00e7\u00e3o: N\u00c3O COLAMOS O BLISTER NO CART\u00c3O, V\u00c3O SEPARADAMENTE PARA FACILITAR O ENVIO. Cart\u00e3o decorativo em papel&#8230;<\/p>","protected":false},"featured_media":2068,"comment_status":"open","ping_status":"closed","template":"","meta":[],"etheme_brands":[],"product_brand":[],"product_cat":[124],"product_tag":[],"class_list":{"0":"post-2435","1":"product","2":"type-product","3":"status-publish","4":"has-post-thumbnail","6":"product_cat-blister","8":"first","9":"instock","10":"shipping-taxable","11":"purchasable","12":"product-type-simple"},"aioseo_notices":[],"_links":{"self":[{"href":"https:\/\/papelfofos.com\/en\/wp-json\/wp\/v2\/product\/2435","targetHints":{"allow":["GET"]}}],"collection":[{"href":"https:\/\/papelfofos.com\/en\/wp-json\/wp\/v2\/product"}],"about":[{"href":"https:\/\/papelfofos.com\/en\/wp-json\/wp\/v2\/types\/product"}],"replies":[{"embeddable":true,"href":"https:\/\/papelfofos.com\/en\/wp-json\/wp\/v2\/comments?post=2435"}],"version-history":[{"count":1,"href":"https:\/\/papelfofos.com\/en\/wp-json\/wp\/v2\/product\/2435\/revisions"}],"predecessor-version":[{"id":2976,"href":"https:\/\/papelfofos.com\/en\/wp-json\/wp\/v2\/product\/2435\/revisions\/2976"}],"wp:featuredmedia":[{"embeddable":true,"href":"https:\/\/papelfofos.com\/en\/wp-json\/wp\/v2\/media\/2068"}],"wp:attachment":[{"href":"https:\/\/papelfofos.com\/en\/wp-json\/wp\/v2\/media?parent=2435"}],"wp:term":[{"taxonomy":"brand","embeddable":true,"href":"https:\/\/papelfofos.com\/en\/wp-json\/wp\/v2\/etheme_brands?post=2435"},{"taxonomy":"product_brand","embeddable":true,"href":"https:\/\/papelfofos.com\/en\/wp-json\/wp\/v2\/product_brand?post=2435"},{"taxonomy":"product_cat","embeddable":true,"href":"https:\/\/papelfofos.com\/en\/wp-json\/wp\/v2\/product_cat?post=2435"},{"taxonomy":"product_tag","embeddable":true,"href":"https:\/\/papelfofos.com\/en\/wp-json\/wp\/v2\/product_tag?post=2435"}],"curies":[{"name":"wp","href":"https:\/\/api.w.org\/{rel}","templated":true}]}}